{"id":13553,"date":"2020-10-22T23:48:05","date_gmt":"2020-10-22T23:48:05","guid":{"rendered":"https:\/\/herfasa.com\/catalogo\/?post_type=product&#038;p=13553"},"modified":"2025-01-02T07:53:05","modified_gmt":"2025-01-02T10:53:05","slug":"raja-vidrio-repartido","status":"publish","type":"product","link":"https:\/\/herfasa.com\/catalogo\/producto\/raja-vidrio-repartido\/","title":{"rendered":"Raja Vidrio Repartido"},"content":{"rendered":"<p>Las rajas de aluminio l\u00ednea herrero son econ\u00f3micas, resistentes a los rayos UV y de f\u00e1cil mantenimiento, ideales para viviendas y proyectos.<\/p>\n","protected":false},"excerpt":{"rendered":"<p>Las rajas de aluminio l\u00ednea herrero son econ\u00f3micas, resistentes a los rayos UV y de f\u00e1cil mantenimiento, ideales para viviendas y proyectos.<\/p>\n","protected":false},"featured_media":13536,"template":"","meta":[],"product_cat":[215,220],"product_tag":[],"class_list":{"0":"post-13553","1":"product","2":"type-product","3":"status-publish","4":"has-post-thumbnail","6":"product_cat-de-abrir","7":"product_cat-ventanas","9":"first","10":"instock","11":"shipping-taxable","12":"product-type-variable"},"_links":{"self":[{"href":"https:\/\/herfasa.com\/catalogo\/wp-json\/wp\/v2\/product\/13553","targetHints":{"allow":["GET"]}}],"collection":[{"href":"https:\/\/herfasa.com\/catalogo\/wp-json\/wp\/v2\/product"}],"about":[{"href":"https:\/\/herfasa.com\/catalogo\/wp-json\/wp\/v2\/types\/product"}],"wp:featuredmedia":[{"embeddable":true,"href":"https:\/\/herfasa.com\/catalogo\/wp-json\/wp\/v2\/media\/13536"}],"wp:attachment":[{"href":"https:\/\/herfasa.com\/catalogo\/wp-json\/wp\/v2\/media?parent=13553"}],"wp:term":[{"taxonomy":"product_cat","embeddable":true,"href":"https:\/\/herfasa.com\/catalogo\/wp-json\/wp\/v2\/product_cat?post=13553"},{"taxonomy":"product_tag","embeddable":true,"href":"https:\/\/herfasa.com\/catalogo\/wp-json\/wp\/v2\/product_tag?post=13553"}],"curies":[{"name":"wp","href":"https:\/\/api.w.org\/{rel}","templated":true}]}}