{"id":13557,"date":"2020-10-23T00:05:23","date_gmt":"2020-10-23T00:05:23","guid":{"rendered":"https:\/\/herfasa.com\/catalogo\/?post_type=product&#038;p=13557"},"modified":"2025-01-02T08:31:52","modified_gmt":"2025-01-02T11:31:52","slug":"ventana-corrediza-vidrio-entero","status":"publish","type":"product","link":"https:\/\/herfasa.com\/catalogo\/producto\/ventana-corrediza-vidrio-entero\/","title":{"rendered":"Ventana Corrediza Vidrio Entero"},"content":{"rendered":"<p>Las ventanas de aluminio l\u00ednea herrero son econ\u00f3micas, resistentes a los rayos UV y de f\u00e1cil mantenimiento, ideales para viviendas y proyectos.<\/p>\n","protected":false},"excerpt":{"rendered":"<p>Ventana de vidrio entera corrediza l\u00ednea herrero en aluminio virgen<\/p>\n","protected":false},"featured_media":13827,"template":"","meta":[],"product_cat":[85,220],"product_tag":[],"class_list":{"0":"post-13557","1":"product","2":"type-product","3":"status-publish","4":"has-post-thumbnail","6":"product_cat-corredizas","7":"product_cat-ventanas","9":"first","10":"instock","11":"shipping-taxable","12":"product-type-variable"},"_links":{"self":[{"href":"https:\/\/herfasa.com\/catalogo\/wp-json\/wp\/v2\/product\/13557","targetHints":{"allow":["GET"]}}],"collection":[{"href":"https:\/\/herfasa.com\/catalogo\/wp-json\/wp\/v2\/product"}],"about":[{"href":"https:\/\/herfasa.com\/catalogo\/wp-json\/wp\/v2\/types\/product"}],"wp:featuredmedia":[{"embeddable":true,"href":"https:\/\/herfasa.com\/catalogo\/wp-json\/wp\/v2\/media\/13827"}],"wp:attachment":[{"href":"https:\/\/herfasa.com\/catalogo\/wp-json\/wp\/v2\/media?parent=13557"}],"wp:term":[{"taxonomy":"product_cat","embeddable":true,"href":"https:\/\/herfasa.com\/catalogo\/wp-json\/wp\/v2\/product_cat?post=13557"},{"taxonomy":"product_tag","embeddable":true,"href":"https:\/\/herfasa.com\/catalogo\/wp-json\/wp\/v2\/product_tag?post=13557"}],"curies":[{"name":"wp","href":"https:\/\/api.w.org\/{rel}","templated":true}]}}