{"id":13845,"date":"2020-12-24T10:53:07","date_gmt":"2020-12-24T13:53:07","guid":{"rendered":"https:\/\/herfasa.com\/catalogo\/?post_type=product&#038;p=13845"},"modified":"2025-04-11T14:39:44","modified_gmt":"2025-04-11T17:39:44","slug":"ventana-corrediza-aluminio-natural","status":"publish","type":"product","link":"https:\/\/herfasa.com\/catalogo\/producto\/ventana-corrediza-aluminio-natural\/","title":{"rendered":"Ventana Corrediza Aluminio Natural"},"content":{"rendered":"<p>Las ventanas de aluminio l\u00ednea herrero son econ\u00f3micas, de f\u00e1cil mantenimiento, ideales para viviendas y proyectos.<\/p>\n","protected":false},"excerpt":{"rendered":"<p>Ventanas l\u00ednea herrero.<\/p>\n","protected":false},"featured_media":14612,"template":"","meta":[],"product_cat":[85,220],"product_tag":[],"class_list":{"0":"post-13845","1":"product","2":"type-product","3":"status-publish","4":"has-post-thumbnail","6":"product_cat-corredizas","7":"product_cat-ventanas","9":"first","10":"instock","11":"shipping-taxable","12":"product-type-variable"},"_links":{"self":[{"href":"https:\/\/herfasa.com\/catalogo\/wp-json\/wp\/v2\/product\/13845","targetHints":{"allow":["GET"]}}],"collection":[{"href":"https:\/\/herfasa.com\/catalogo\/wp-json\/wp\/v2\/product"}],"about":[{"href":"https:\/\/herfasa.com\/catalogo\/wp-json\/wp\/v2\/types\/product"}],"wp:featuredmedia":[{"embeddable":true,"href":"https:\/\/herfasa.com\/catalogo\/wp-json\/wp\/v2\/media\/14612"}],"wp:attachment":[{"href":"https:\/\/herfasa.com\/catalogo\/wp-json\/wp\/v2\/media?parent=13845"}],"wp:term":[{"taxonomy":"product_cat","embeddable":true,"href":"https:\/\/herfasa.com\/catalogo\/wp-json\/wp\/v2\/product_cat?post=13845"},{"taxonomy":"product_tag","embeddable":true,"href":"https:\/\/herfasa.com\/catalogo\/wp-json\/wp\/v2\/product_tag?post=13845"}],"curies":[{"name":"wp","href":"https:\/\/api.w.org\/{rel}","templated":true}]}}