{"id":14377,"date":"2025-01-02T08:54:25","date_gmt":"2025-01-02T11:54:25","guid":{"rendered":"https:\/\/herfasa.com\/catalogo\/?post_type=product&#038;p=14377"},"modified":"2025-01-04T08:12:24","modified_gmt":"2025-01-04T11:12:24","slug":"ventana-corrediza-balcon-con-celosia","status":"publish","type":"product","link":"https:\/\/herfasa.com\/catalogo\/producto\/ventana-corrediza-balcon-con-celosia\/","title":{"rendered":"Ventana Corrediza Balc\u00f3n con Celos\u00eda"},"content":{"rendered":"<p>Las ventanas de aluminio l\u00ednea herrero son econ\u00f3micas, resistentes a los rayos UV y de f\u00e1cil mantenimiento, ideales para viviendas y proyectos.<\/p>\n","protected":false},"excerpt":{"rendered":"<p>Ventana de aluminio corrediza con celos\u00edas.<\/p>\n","protected":false},"featured_media":14426,"template":"","meta":[],"product_cat":[85,220],"product_tag":[],"class_list":{"0":"post-14377","1":"product","2":"type-product","3":"status-publish","4":"has-post-thumbnail","6":"product_cat-corredizas","7":"product_cat-ventanas","9":"first","10":"instock","11":"shipping-taxable","12":"product-type-variable"},"_links":{"self":[{"href":"https:\/\/herfasa.com\/catalogo\/wp-json\/wp\/v2\/product\/14377","targetHints":{"allow":["GET"]}}],"collection":[{"href":"https:\/\/herfasa.com\/catalogo\/wp-json\/wp\/v2\/product"}],"about":[{"href":"https:\/\/herfasa.com\/catalogo\/wp-json\/wp\/v2\/types\/product"}],"wp:featuredmedia":[{"embeddable":true,"href":"https:\/\/herfasa.com\/catalogo\/wp-json\/wp\/v2\/media\/14426"}],"wp:attachment":[{"href":"https:\/\/herfasa.com\/catalogo\/wp-json\/wp\/v2\/media?parent=14377"}],"wp:term":[{"taxonomy":"product_cat","embeddable":true,"href":"https:\/\/herfasa.com\/catalogo\/wp-json\/wp\/v2\/product_cat?post=14377"},{"taxonomy":"product_tag","embeddable":true,"href":"https:\/\/herfasa.com\/catalogo\/wp-json\/wp\/v2\/product_tag?post=14377"}],"curies":[{"name":"wp","href":"https:\/\/api.w.org\/{rel}","templated":true}]}}