{"id":3104,"date":"2025-08-18T12:08:27","date_gmt":"2025-08-18T15:08:27","guid":{"rendered":"https:\/\/herfasa.com\/?page_id=3104"},"modified":"2025-09-03T10:57:52","modified_gmt":"2025-09-03T13:57:52","slug":"home","status":"publish","type":"page","link":"https:\/\/herfasa.com\/en\/","title":{"rendered":"Home"},"content":{"rendered":"<div data-elementor-type=\"wp-page\" data-elementor-id=\"3104\" class=\"elementor elementor-3104\" data-elementor-post-type=\"page\">\n\t\t\t\t\t\t<section class=\"elementor-section elementor-top-section elementor-element elementor-element-3559f11 elementor-section-full_width elementor-section-height-min-height elementor-section-height-default elementor-section-items-middle\" data-id=\"3559f11\" data-element_type=\"section\" data-settings=\"{&quot;background_background&quot;:&quot;slideshow&quot;,&quot;background_slideshow_gallery&quot;:[{&quot;id&quot;:3119,&quot;url&quot;:&quot;https:\\\/\\\/herfasa.com\\\/wp-content\\\/uploads\\\/2025\\\/08\\\/Frente-e1756814822415.jpeg&quot;},{&quot;id&quot;:3120,&quot;url&quot;:&quot;https:\\\/\\\/herfasa.com\\\/wp-content\\\/uploads\\\/2025\\\/08\\\/fabrica_aluminio_fundicion.jpg&quot;},{&quot;id&quot;:3116,&quot;url&quot;:&quot;https:\\\/\\\/herfasa.com\\\/wp-content\\\/uploads\\\/2025\\\/08\\\/Planta_sauceviejo3-1.jpg&quot;},{&quot;id&quot;:3117,&quot;url&quot;:&quot;https:\\\/\\\/herfasa.com\\\/wp-content\\\/uploads\\\/2025\\\/08\\\/fabrica_aluminio_fundicion_herfasa.jpg&quot;}],&quot;background_slideshow_slide_duration&quot;:3000,&quot;background_slideshow_loop&quot;:&quot;yes&quot;,&quot;background_slideshow_slide_transition&quot;:&quot;fade&quot;,&quot;background_slideshow_transition_duration&quot;:500}\">\n\t\t\t\t\t\t<div class=\"elementor-container elementor-column-gap-default\">\n\t\t\t\t\t<div class=\"elementor-column elementor-col-100 elementor-top-column elementor-element elementor-element-ffa6687\" data-id=\"ffa6687\" data-element_type=\"column\">\n\t\t\t<div class=\"elementor-widget-wrap\">\n\t\t\t\t\t\t\t<\/div>\n\t\t<\/div>\n\t\t\t\t\t<\/div>\n\t\t<\/section>\n\t\t\t\t<section class=\"elementor-section elementor-top-section elementor-element elementor-element-ee29578 elementor-section-full_width elementor-section-height-min-height elementor-section-height-default elementor-section-items-middle\" data-id=\"ee29578\" data-element_type=\"section\">\n\t\t\t\t\t\t<div class=\"elementor-container elementor-column-gap-default\">\n\t\t\t\t\t<div class=\"elementor-column elementor-col-100 elementor-top-column elementor-element elementor-element-e69cef8\" data-id=\"e69cef8\" data-element_type=\"column\">\n\t\t\t<div class=\"elementor-widget-wrap elementor-element-populated\">\n\t\t\t\t\t\t<div class=\"elementor-element elementor-element-dfbc97f elementor-widget elementor-widget-spacer\" data-id=\"dfbc97f\" data-element_type=\"widget\" data-widget_type=\"spacer.default\">\n\t\t\t\t<div class=\"elementor-widget-container\">\n\t\t\t\t\t\t\t<div class=\"elementor-spacer\">\n\t\t\t<div class=\"elementor-spacer-inner\"><\/div>\n\t\t<\/div>\n\t\t\t\t\t\t<\/div>\n\t\t\t\t<\/div>\n\t\t\t\t<div class=\"elementor-element elementor-element-4ae282b elementor-align-center e-transform elementor-widget__width-initial elementor-widget elementor-widget-button\" data-id=\"4ae282b\" data-element_type=\"widget\" data-settings=\"{&quot;_transform_scale_effect&quot;:{&quot;unit&quot;:&quot;px&quot;,&quot;size&quot;:1.5,&quot;sizes&quot;:[]},&quot;_animation_mobile&quot;:&quot;fadeInRight&quot;,&quot;_transform_scale_effect_tablet&quot;:{&quot;unit&quot;:&quot;px&quot;,&quot;size&quot;:&quot;&quot;,&quot;sizes&quot;:[]},&quot;_transform_scale_effect_mobile&quot;:{&quot;unit&quot;:&quot;px&quot;,&quot;size&quot;:&quot;&quot;,&quot;sizes&quot;:[]}}\" data-widget_type=\"button.default\">\n\t\t\t\t<div class=\"elementor-widget-container\">\n\t\t\t\t\t\t\t\t\t<div class=\"elementor-button-wrapper\">\n\t\t\t\t\t<a class=\"elementor-button elementor-button-link elementor-size-sm\" href=\"https:\/\/wa.me\/+5493425194213\" target=\"_blank\" rel=\"noopener\">\n\t\t\t\t\t\t<span class=\"elementor-button-content-wrapper\">\n\t\t\t\t\t\t<span class=\"elementor-button-icon\">\n\t\t\t\t<i aria-hidden=\"true\" class=\"fab fa-whatsapp\"><\/i>\t\t\t<\/span>\n\t\t\t\t\t\t\t\t\t<span class=\"elementor-button-text\">escribinos un whatsapp!<\/span>\n\t\t\t\t\t<\/span>\n\t\t\t\t\t<\/a>\n\t\t\t\t<\/div>\n\t\t\t\t\t\t\t\t<\/div>\n\t\t\t\t<\/div>\n\t\t\t\t<div class=\"elementor-element elementor-element-e6a343f elementor-widget elementor-widget-spacer\" data-id=\"e6a343f\" data-element_type=\"widget\" data-widget_type=\"spacer.default\">\n\t\t\t\t<div class=\"elementor-widget-container\">\n\t\t\t\t\t\t\t<div class=\"elementor-spacer\">\n\t\t\t<div class=\"elementor-spacer-inner\"><\/div>\n\t\t<\/div>\n\t\t\t\t\t\t<\/div>\n\t\t\t\t<\/div>\n\t\t\t\t<div class=\"elementor-element elementor-element-4f0e955 elementor-widget elementor-widget-heading\" data-id=\"4f0e955\" data-element_type=\"widget\" data-widget_type=\"heading.default\">\n\t\t\t\t<div class=\"elementor-widget-container\">\n\t\t\t\t\t<h1 class=\"elementor-heading-title elementor-size-default\">F\u00e1brica de aberturas de aluminio en Argentina<\/h1>\t\t\t\t<\/div>\n\t\t\t\t<\/div>\n\t\t\t\t<section class=\"elementor-section elementor-inner-section elementor-element elementor-element-388af00 elementor-reverse-mobile elementor-section-boxed elementor-section-height-default elementor-section-height-default\" data-id=\"388af00\" data-element_type=\"section\">\n\t\t\t\t\t\t<div class=\"elementor-container elementor-column-gap-default\">\n\t\t\t\t\t<div class=\"elementor-column elementor-col-50 elementor-inner-column elementor-element elementor-element-910e636\" data-id=\"910e636\" data-element_type=\"column\">\n\t\t\t<div class=\"elementor-widget-wrap elementor-element-populated\">\n\t\t\t\t\t\t<div class=\"elementor-element elementor-element-2501dec elementor-widget__width-initial elementor-widget elementor-widget-image\" data-id=\"2501dec\" data-element_type=\"widget\" data-widget_type=\"image.default\">\n\t\t\t\t<div class=\"elementor-widget-container\">\n\t\t\t\t\t\t\t\t\t\t\t\t\t\t\t<img fetchpriority=\"high\" decoding=\"async\" width=\"450\" height=\"200\" src=\"https:\/\/herfasa.com\/wp-content\/uploads\/2025\/08\/puertas_de_madera_barata.jpg\" class=\"attachment-large size-large wp-image-3121\" alt=\"Puertas de madera econ\u00f3micas y resistentes, modelos corredizos y tradicionales\" srcset=\"https:\/\/herfasa.com\/wp-content\/uploads\/2025\/08\/puertas_de_madera_barata.jpg 450w, https:\/\/herfasa.com\/wp-content\/uploads\/2025\/08\/puertas_de_madera_barata-300x133.jpg 300w, https:\/\/herfasa.com\/wp-content\/uploads\/2025\/08\/puertas_de_madera_barata-18x8.jpg 18w\" sizes=\"(max-width: 450px) 100vw, 450px\" \/>\t\t\t\t\t\t\t\t\t\t\t\t\t\t\t<\/div>\n\t\t\t\t<\/div>\n\t\t\t\t\t<\/div>\n\t\t<\/div>\n\t\t\t\t<div class=\"elementor-column elementor-col-50 elementor-inner-column elementor-element elementor-element-773656f\" data-id=\"773656f\" data-element_type=\"column\">\n\t\t\t<div class=\"elementor-widget-wrap elementor-element-populated\">\n\t\t\t\t\t\t<div class=\"elementor-element elementor-element-fc05da3 elementor-widget__width-initial elementor-widget elementor-widget-image\" data-id=\"fc05da3\" data-element_type=\"widget\" data-widget_type=\"image.default\">\n\t\t\t\t<div class=\"elementor-widget-container\">\n\t\t\t\t\t\t\t\t\t\t\t\t\t\t\t\t<a href=\"https:\/\/herfasa.com\/en\/catalogo\/\">\n\t\t\t\t\t\t\t<img decoding=\"async\" width=\"450\" height=\"200\" src=\"https:\/\/herfasa.com\/wp-content\/uploads\/2025\/08\/ventana_de_aluminio_economica.jpg\" class=\"attachment-large size-large wp-image-3122\" alt=\"\" srcset=\"https:\/\/herfasa.com\/wp-content\/uploads\/2025\/08\/ventana_de_aluminio_economica.jpg 450w, https:\/\/herfasa.com\/wp-content\/uploads\/2025\/08\/ventana_de_aluminio_economica-300x133.jpg 300w, https:\/\/herfasa.com\/wp-content\/uploads\/2025\/08\/ventana_de_aluminio_economica-18x8.jpg 18w\" sizes=\"(max-width: 450px) 100vw, 450px\" \/>\t\t\t\t\t\t\t\t<\/a>\n\t\t\t\t\t\t\t\t\t\t\t\t\t\t\t<\/div>\n\t\t\t\t<\/div>\n\t\t\t\t\t<\/div>\n\t\t<\/div>\n\t\t\t\t\t<\/div>\n\t\t<\/section>\n\t\t\t\t<section class=\"elementor-section elementor-inner-section elementor-element elementor-element-9575417 elementor-section-boxed elementor-section-height-default elementor-section-height-default\" data-id=\"9575417\" data-element_type=\"section\">\n\t\t\t\t\t\t<div class=\"elementor-container elementor-column-gap-default\">\n\t\t\t\t\t<div class=\"elementor-column elementor-col-50 elementor-inner-column elementor-element elementor-element-5dacd24\" data-id=\"5dacd24\" data-element_type=\"column\">\n\t\t\t<div class=\"elementor-widget-wrap elementor-element-populated\">\n\t\t\t\t\t\t<div class=\"elementor-element elementor-element-72c3184 elementor-widget elementor-widget-heading\" data-id=\"72c3184\" data-element_type=\"widget\" data-widget_type=\"heading.default\">\n\t\t\t\t<div class=\"elementor-widget-container\">\n\t\t\t\t\t<h2 class=\"elementor-heading-title elementor-size-default\">\u00bfQui\u00e9nes somos?<\/h2>\t\t\t\t<\/div>\n\t\t\t\t<\/div>\n\t\t\t\t<div class=\"elementor-element elementor-element-498b4e3 elementor-widget elementor-widget-text-editor\" data-id=\"498b4e3\" data-element_type=\"widget\" data-widget_type=\"text-editor.default\">\n\t\t\t\t<div class=\"elementor-widget-container\">\n\t\t\t\t\t\t\t\t\t<p>Una <strong>f\u00e1brica de aberturas de aluminio<\/strong> directo de origen: producimos nuestros perfiles, reciclamos aluminio y entregamos ventanas de aluminio est\u00e1ndar y puertas placa listas para instalar.<\/p><p>Con m\u00e1s de 15 a\u00f1os de experiencia y una capacidad de 40.000 aberturas mensuales, garantizamos stock constante, calidad certificada y <strong>precios competitivos para abertureros, corralones y revendedores en todo el pa\u00eds.<\/strong><\/p><p><strong>Somos el socio estrat\u00e9gico<\/strong> de cientos de distribuidores que conf\u00edan en nosotros para abastecer sus negocios con aberturas de aluminio listas para la venta, <strong>con entrega r\u00e1pida y respaldo de f\u00e1brica.<\/strong><\/p>\t\t\t\t\t\t\t\t<\/div>\n\t\t\t\t<\/div>\n\t\t\t\t\t<\/div>\n\t\t<\/div>\n\t\t\t\t<div class=\"elementor-column elementor-col-50 elementor-inner-column elementor-element elementor-element-515e051\" data-id=\"515e051\" data-element_type=\"column\">\n\t\t\t<div class=\"elementor-widget-wrap elementor-element-populated\">\n\t\t\t\t\t\t<div class=\"elementor-element elementor-element-1ee95c0 elementor-widget elementor-widget-gallery\" data-id=\"1ee95c0\" data-element_type=\"widget\" data-settings=\"{&quot;gallery_layout&quot;:&quot;masonry&quot;,&quot;columns&quot;:3,&quot;columns_mobile&quot;:3,&quot;lazyload&quot;:&quot;yes&quot;,&quot;columns_tablet&quot;:2,&quot;gap&quot;:{&quot;unit&quot;:&quot;px&quot;,&quot;size&quot;:10,&quot;sizes&quot;:[]},&quot;gap_tablet&quot;:{&quot;unit&quot;:&quot;px&quot;,&quot;size&quot;:10,&quot;sizes&quot;:[]},&quot;gap_mobile&quot;:{&quot;unit&quot;:&quot;px&quot;,&quot;size&quot;:10,&quot;sizes&quot;:[]},&quot;link_to&quot;:&quot;file&quot;,&quot;overlay_background&quot;:&quot;yes&quot;,&quot;content_hover_animation&quot;:&quot;fade-in&quot;}\" data-widget_type=\"gallery.default\">\n\t\t\t\t<div class=\"elementor-widget-container\">\n\t\t\t\t\t\t\t<div class=\"elementor-gallery__container\">\n\t\t\t\t\t\t\t<a class=\"e-gallery-item elementor-gallery-item elementor-animated-content\" href=\"https:\/\/herfasa.com\/wp-content\/uploads\/2025\/08\/abertura_aluminio_control_calidad.jpg\" data-elementor-open-lightbox=\"yes\" data-elementor-lightbox-slideshow=\"1ee95c0\" data-elementor-lightbox-title=\"abertura_aluminio_control_calidad\" data-e-action-hash=\"#elementor-action%3Aaction%3Dlightbox%26settings%3DeyJpZCI6MzEyMywidXJsIjoiaHR0cHM6XC9cL2hlcmZhc2EuY29tXC93cC1jb250ZW50XC91cGxvYWRzXC8yMDI1XC8wOFwvYWJlcnR1cmFfYWx1bWluaW9fY29udHJvbF9jYWxpZGFkLmpwZyIsInNsaWRlc2hvdyI6IjFlZTk1YzAifQ%3D%3D\">\n\t\t\t\t\t<div class=\"e-gallery-image elementor-gallery-item__image\" data-thumbnail=\"https:\/\/herfasa.com\/wp-content\/uploads\/2025\/08\/abertura_aluminio_control_calidad-240x300.jpg\" data-width=\"240\" data-height=\"300\" aria-label=\"M\u00e1quina de control de calidad para aberturas de aluminio en f\u00e1brica\" role=\"img\" ><\/div>\n\t\t\t\t\t\t\t\t\t\t\t<div class=\"elementor-gallery-item__overlay\"><\/div>\n\t\t\t\t\t\t\t\t\t\t\t\t\t\t<\/a>\n\t\t\t\t\t\t\t<a class=\"e-gallery-item elementor-gallery-item elementor-animated-content\" href=\"https:\/\/herfasa.com\/wp-content\/uploads\/2025\/08\/abertura_aluminio_envio_argentina.jpg\" data-elementor-open-lightbox=\"yes\" data-elementor-lightbox-slideshow=\"1ee95c0\" data-elementor-lightbox-title=\"abertura_aluminio_envio_argentina\" data-e-action-hash=\"#elementor-action%3Aaction%3Dlightbox%26settings%3DeyJpZCI6MzEyNCwidXJsIjoiaHR0cHM6XC9cL2hlcmZhc2EuY29tXC93cC1jb250ZW50XC91cGxvYWRzXC8yMDI1XC8wOFwvYWJlcnR1cmFfYWx1bWluaW9fZW52aW9fYXJnZW50aW5hLmpwZyIsInNsaWRlc2hvdyI6IjFlZTk1YzAifQ%3D%3D\">\n\t\t\t\t\t<div class=\"e-gallery-image elementor-gallery-item__image\" data-thumbnail=\"https:\/\/herfasa.com\/wp-content\/uploads\/2025\/08\/abertura_aluminio_envio_argentina-240x300.jpg\" data-width=\"240\" data-height=\"300\" aria-label=\"Cami\u00f3n de Herfasa enviando aberturas de aluminio en Argentina\" role=\"img\" ><\/div>\n\t\t\t\t\t\t\t\t\t\t\t<div class=\"elementor-gallery-item__overlay\"><\/div>\n\t\t\t\t\t\t\t\t\t\t\t\t\t\t<\/a>\n\t\t\t\t\t\t\t<a class=\"e-gallery-item elementor-gallery-item elementor-animated-content\" href=\"https:\/\/herfasa.com\/wp-content\/uploads\/2025\/08\/ventana_aluminio_fabrica.jpg\" data-elementor-open-lightbox=\"yes\" data-elementor-lightbox-slideshow=\"1ee95c0\" data-elementor-lightbox-title=\"ventana_aluminio_fabrica\" data-e-action-hash=\"#elementor-action%3Aaction%3Dlightbox%26settings%3DeyJpZCI6MzEzMSwidXJsIjoiaHR0cHM6XC9cL2hlcmZhc2EuY29tXC93cC1jb250ZW50XC91cGxvYWRzXC8yMDI1XC8wOFwvdmVudGFuYV9hbHVtaW5pb19mYWJyaWNhLmpwZyIsInNsaWRlc2hvdyI6IjFlZTk1YzAifQ%3D%3D\">\n\t\t\t\t\t<div class=\"e-gallery-image elementor-gallery-item__image\" data-thumbnail=\"https:\/\/herfasa.com\/wp-content\/uploads\/2025\/08\/ventana_aluminio_fabrica-240x300.jpg\" data-width=\"240\" data-height=\"300\" aria-label=\"Trabajador de Herfasa ensamblando ventana de aluminio en f\u00e1brica\" role=\"img\" ><\/div>\n\t\t\t\t\t\t\t\t\t\t\t<div class=\"elementor-gallery-item__overlay\"><\/div>\n\t\t\t\t\t\t\t\t\t\t\t\t\t\t<\/a>\n\t\t\t\t\t\t\t<a class=\"e-gallery-item elementor-gallery-item elementor-animated-content\" href=\"https:\/\/herfasa.com\/wp-content\/uploads\/2025\/08\/ventana_aluminio_blanca_fabrica.jpg\" data-elementor-open-lightbox=\"yes\" data-elementor-lightbox-slideshow=\"1ee95c0\" data-elementor-lightbox-title=\"ventana_aluminio_blanca_fabrica\" data-e-action-hash=\"#elementor-action%3Aaction%3Dlightbox%26settings%3DeyJpZCI6MzEzMCwidXJsIjoiaHR0cHM6XC9cL2hlcmZhc2EuY29tXC93cC1jb250ZW50XC91cGxvYWRzXC8yMDI1XC8wOFwvdmVudGFuYV9hbHVtaW5pb19ibGFuY2FfZmFicmljYS5qcGciLCJzbGlkZXNob3ciOiIxZWU5NWMwIn0%3D\">\n\t\t\t\t\t<div class=\"e-gallery-image elementor-gallery-item__image\" data-thumbnail=\"https:\/\/herfasa.com\/wp-content\/uploads\/2025\/08\/ventana_aluminio_blanca_fabrica-240x300.jpg\" data-width=\"240\" data-height=\"300\" aria-label=\"Armado de ventana de aluminio blanca\" role=\"img\" ><\/div>\n\t\t\t\t\t\t\t\t\t\t\t<div class=\"elementor-gallery-item__overlay\"><\/div>\n\t\t\t\t\t\t\t\t\t\t\t\t\t\t<\/a>\n\t\t\t\t\t\t\t<a class=\"e-gallery-item elementor-gallery-item elementor-animated-content\" href=\"https:\/\/herfasa.com\/wp-content\/uploads\/2025\/08\/abertura_aluminio_fundid.jpg\" data-elementor-open-lightbox=\"yes\" data-elementor-lightbox-slideshow=\"1ee95c0\" data-elementor-lightbox-title=\"abertura_aluminio_fundid\" data-e-action-hash=\"#elementor-action%3Aaction%3Dlightbox%26settings%3DeyJpZCI6MzEyNiwidXJsIjoiaHR0cHM6XC9cL2hlcmZhc2EuY29tXC93cC1jb250ZW50XC91cGxvYWRzXC8yMDI1XC8wOFwvYWJlcnR1cmFfYWx1bWluaW9fZnVuZGlkLmpwZyIsInNsaWRlc2hvdyI6IjFlZTk1YzAifQ%3D%3D\">\n\t\t\t\t\t<div class=\"e-gallery-image elementor-gallery-item__image\" data-thumbnail=\"https:\/\/herfasa.com\/wp-content\/uploads\/2025\/08\/abertura_aluminio_fundid-240x300.jpg\" data-width=\"240\" data-height=\"300\" aria-label=\"Proceso de fundici\u00f3n de aluminio en horno industrial\" role=\"img\" ><\/div>\n\t\t\t\t\t\t\t\t\t\t\t<div class=\"elementor-gallery-item__overlay\"><\/div>\n\t\t\t\t\t\t\t\t\t\t\t\t\t\t<\/a>\n\t\t\t\t\t\t\t<a class=\"e-gallery-item elementor-gallery-item elementor-animated-content\" href=\"https:\/\/herfasa.com\/wp-content\/uploads\/2025\/08\/fabrica_puerta_madera.jpg\" data-elementor-open-lightbox=\"yes\" data-elementor-lightbox-slideshow=\"1ee95c0\" data-elementor-lightbox-title=\"fabrica_puerta_madera\" data-e-action-hash=\"#elementor-action%3Aaction%3Dlightbox%26settings%3DeyJpZCI6MzEyOSwidXJsIjoiaHR0cHM6XC9cL2hlcmZhc2EuY29tXC93cC1jb250ZW50XC91cGxvYWRzXC8yMDI1XC8wOFwvZmFicmljYV9wdWVydGFfbWFkZXJhLmpwZyIsInNsaWRlc2hvdyI6IjFlZTk1YzAifQ%3D%3D\">\n\t\t\t\t\t<div class=\"e-gallery-image elementor-gallery-item__image\" data-thumbnail=\"https:\/\/herfasa.com\/wp-content\/uploads\/2025\/08\/fabrica_puerta_madera-240x300.jpg\" data-width=\"240\" data-height=\"300\" aria-label=\"Producci\u00f3n de puertas de madera en f\u00e1brica\" role=\"img\" ><\/div>\n\t\t\t\t\t\t\t\t\t\t\t<div class=\"elementor-gallery-item__overlay\"><\/div>\n\t\t\t\t\t\t\t\t\t\t\t\t\t\t<\/a>\n\t\t\t\t\t\t\t<a class=\"e-gallery-item elementor-gallery-item elementor-animated-content\" href=\"https:\/\/herfasa.com\/wp-content\/uploads\/2025\/08\/abertura_aluminio_ventana.jpg\" data-elementor-open-lightbox=\"yes\" data-elementor-lightbox-slideshow=\"1ee95c0\" data-elementor-lightbox-title=\"abertura_aluminio_ventana\" data-e-action-hash=\"#elementor-action%3Aaction%3Dlightbox%26settings%3DeyJpZCI6MzEyOCwidXJsIjoiaHR0cHM6XC9cL2hlcmZhc2EuY29tXC93cC1jb250ZW50XC91cGxvYWRzXC8yMDI1XC8wOFwvYWJlcnR1cmFfYWx1bWluaW9fdmVudGFuYS5qcGciLCJzbGlkZXNob3ciOiIxZWU5NWMwIn0%3D\">\n\t\t\t\t\t<div class=\"e-gallery-image elementor-gallery-item__image\" data-thumbnail=\"https:\/\/herfasa.com\/wp-content\/uploads\/2025\/08\/abertura_aluminio_ventana-240x300.jpg\" data-width=\"240\" data-height=\"300\" aria-label=\"Ventana de aluminio Herfasa lista para entrega\" role=\"img\" ><\/div>\n\t\t\t\t\t\t\t\t\t\t\t<div class=\"elementor-gallery-item__overlay\"><\/div>\n\t\t\t\t\t\t\t\t\t\t\t\t\t\t<\/a>\n\t\t\t\t\t\t\t<a class=\"e-gallery-item elementor-gallery-item elementor-animated-content\" href=\"https:\/\/herfasa.com\/wp-content\/uploads\/2025\/08\/abertura_aluminio_fabrica.jpg\" data-elementor-open-lightbox=\"yes\" data-elementor-lightbox-slideshow=\"1ee95c0\" data-elementor-lightbox-title=\"abertura_aluminio_fabrica\" data-e-action-hash=\"#elementor-action%3Aaction%3Dlightbox%26settings%3DeyJpZCI6MzEyNSwidXJsIjoiaHR0cHM6XC9cL2hlcmZhc2EuY29tXC93cC1jb250ZW50XC91cGxvYWRzXC8yMDI1XC8wOFwvYWJlcnR1cmFfYWx1bWluaW9fZmFicmljYS5qcGciLCJzbGlkZXNob3ciOiIxZWU5NWMwIn0%3D\">\n\t\t\t\t\t<div class=\"e-gallery-image elementor-gallery-item__image\" data-thumbnail=\"https:\/\/herfasa.com\/wp-content\/uploads\/2025\/08\/abertura_aluminio_fabrica-240x300.jpg\" data-width=\"240\" data-height=\"300\" aria-label=\"Operario trabajando en la fabricaci\u00f3n de aberturas de aluminio\" role=\"img\" ><\/div>\n\t\t\t\t\t\t\t\t\t\t\t<div class=\"elementor-gallery-item__overlay\"><\/div>\n\t\t\t\t\t\t\t\t\t\t\t\t\t\t<\/a>\n\t\t\t\t\t\t\t<a class=\"e-gallery-item elementor-gallery-item elementor-animated-content\" href=\"https:\/\/herfasa.com\/wp-content\/uploads\/2025\/08\/abertura_aluminio_reciclado.jpg\" data-elementor-open-lightbox=\"yes\" data-elementor-lightbox-slideshow=\"1ee95c0\" data-elementor-lightbox-title=\"abertura_aluminio_reciclado\" data-e-action-hash=\"#elementor-action%3Aaction%3Dlightbox%26settings%3DeyJpZCI6MzEyNywidXJsIjoiaHR0cHM6XC9cL2hlcmZhc2EuY29tXC93cC1jb250ZW50XC91cGxvYWRzXC8yMDI1XC8wOFwvYWJlcnR1cmFfYWx1bWluaW9fcmVjaWNsYWRvLmpwZyIsInNsaWRlc2hvdyI6IjFlZTk1YzAifQ%3D%3D\">\n\t\t\t\t\t<div class=\"e-gallery-image elementor-gallery-item__image\" data-thumbnail=\"https:\/\/herfasa.com\/wp-content\/uploads\/2025\/08\/abertura_aluminio_reciclado-240x300.jpg\" data-width=\"240\" data-height=\"300\" aria-label=\"Bolsas de aluminio reciclado listas para reutilizaci\u00f3n en f\u00e1brica\" role=\"img\" ><\/div>\n\t\t\t\t\t\t\t\t\t\t\t<div class=\"elementor-gallery-item__overlay\"><\/div>\n\t\t\t\t\t\t\t\t\t\t\t\t\t\t<\/a>\n\t\t\t\t\t<\/div>\n\t\t\t\t\t<\/div>\n\t\t\t\t<\/div>\n\t\t\t\t\t<\/div>\n\t\t<\/div>\n\t\t\t\t\t<\/div>\n\t\t<\/section>\n\t\t\t\t<div class=\"elementor-element elementor-element-0b8eebb elementor-widget elementor-widget-google_maps\" data-id=\"0b8eebb\" data-element_type=\"widget\" data-widget_type=\"google_maps.default\">\n\t\t\t\t<div class=\"elementor-widget-container\">\n\t\t\t\t\t\t\t<div class=\"elementor-custom-embed\">\n\t\t\t<iframe loading=\"lazy\"\n\t\t\t\t\tsrc=\"https:\/\/maps.google.com\/maps?q=76P7%2BWH%20Santa%20Fe%20de%20la%20Vera%20Cruz%2C%20Santa%20Fe&#038;t=m&#038;z=14&#038;output=embed&#038;iwloc=near\"\n\t\t\t\t\ttitle=\"76P7+WH Santa Fe de la Vera Cruz, Santa Fe\"\n\t\t\t\t\taria-label=\"76P7+WH Santa Fe de la Vera Cruz, Santa Fe\"\n\t\t\t><\/iframe>\n\t\t<\/div>\n\t\t\t\t\t\t<\/div>\n\t\t\t\t<\/div>\n\t\t\t\t\t<\/div>\n\t\t<\/div>\n\t\t\t\t\t<\/div>\n\t\t<\/section>\n\t\t\t\t<section class=\"elementor-section elementor-top-section elementor-element elementor-element-b84e39e elementor-section-boxed elementor-section-height-default elementor-section-height-default\" data-id=\"b84e39e\" data-element_type=\"section\">\n\t\t\t\t\t\t<div class=\"elementor-container elementor-column-gap-default\">\n\t\t\t\t\t<div class=\"elementor-column elementor-col-100 elementor-top-column elementor-element elementor-element-0a384c8\" data-id=\"0a384c8\" data-element_type=\"column\">\n\t\t\t<div class=\"elementor-widget-wrap elementor-element-populated\">\n\t\t\t\t\t\t<div class=\"elementor-element elementor-element-c5961ba elementor-widget elementor-widget-spacer\" data-id=\"c5961ba\" data-element_type=\"widget\" data-widget_type=\"spacer.default\">\n\t\t\t\t<div class=\"elementor-widget-container\">\n\t\t\t\t\t\t\t<div class=\"elementor-spacer\">\n\t\t\t<div class=\"elementor-spacer-inner\"><\/div>\n\t\t<\/div>\n\t\t\t\t\t\t<\/div>\n\t\t\t\t<\/div>\n\t\t\t\t\t<\/div>\n\t\t<\/div>\n\t\t\t\t\t<\/div>\n\t\t<\/section>\n\t\t\t\t<\/div>","protected":false},"excerpt":{"rendered":"<p>escribinos un whatsapp! F\u00e1brica de aberturas de aluminio en Argentina \u00bfQui\u00e9nes somos? Una f\u00e1brica de aberturas de aluminio directo de origen: producimos nuestros perfiles, reciclamos aluminio y entregamos ventanas de aluminio est\u00e1ndar y puertas placa listas para instalar. Con m\u00e1s de 15 a\u00f1os de experiencia y una capacidad de 40.000 aberturas mensuales, garantizamos stock constante,&hellip;&nbsp;<a href=\"https:\/\/herfasa.com\/en\/\" rel=\"bookmark\">Read More &raquo;<span class=\"screen-reader-text\">Home<\/span><\/a><\/p>","protected":false},"author":5,"featured_media":0,"parent":0,"menu_order":0,"comment_status":"closed","ping_status":"closed","template":"page-templates\/template-pagebuilder-full-width.php","meta":{"neve_meta_sidebar":"","neve_meta_container":"","neve_meta_enable_content_width":"","neve_meta_content_width":0,"neve_meta_title_alignment":"","neve_meta_author_avatar":"","neve_post_elements_order":"","neve_meta_disable_header":"","neve_meta_disable_footer":"","neve_meta_disable_title":"","footnotes":""},"class_list":["post-3104","page","type-page","status-publish","hentry"],"_links":{"self":[{"href":"https:\/\/herfasa.com\/en\/wp-json\/wp\/v2\/pages\/3104","targetHints":{"allow":["GET"]}}],"collection":[{"href":"https:\/\/herfasa.com\/en\/wp-json\/wp\/v2\/pages"}],"about":[{"href":"https:\/\/herfasa.com\/en\/wp-json\/wp\/v2\/types\/page"}],"author":[{"embeddable":true,"href":"https:\/\/herfasa.com\/en\/wp-json\/wp\/v2\/users\/5"}],"replies":[{"embeddable":true,"href":"https:\/\/herfasa.com\/en\/wp-json\/wp\/v2\/comments?post=3104"}],"version-history":[{"count":33,"href":"https:\/\/herfasa.com\/en\/wp-json\/wp\/v2\/pages\/3104\/revisions"}],"predecessor-version":[{"id":3190,"href":"https:\/\/herfasa.com\/en\/wp-json\/wp\/v2\/pages\/3104\/revisions\/3190"}],"wp:attachment":[{"href":"https:\/\/herfasa.com\/en\/wp-json\/wp\/v2\/media?parent=3104"}],"curies":[{"name":"wp","href":"https:\/\/api.w.org\/{rel}","templated":true}]}}